{"id":271,"date":"2023-02-20T12:50:30","date_gmt":"2023-02-20T11:50:30","guid":{"rendered":"http:\/\/sleepy-dhawan.77-81-228-88.plesk.page\/?page_id=271"},"modified":"2023-02-20T13:11:05","modified_gmt":"2023-02-20T12:11:05","slug":"matrimoni","status":"publish","type":"page","link":"http:\/\/sleepy-dhawan.77-81-228-88.plesk.page\/index.php\/matrimoni\/","title":{"rendered":"Matrimoni"},"content":{"rendered":"<p>[vc_row][vc_column][vc_raw_html el_class=&#8221;richiedinfo&#8221;]JTNDYSUyMGhyZWYlM0QlMjJtYWlsdG8lM0FpbmZvJTQwb2xpdmV0b3N1bGxhZ28uY29tJTIyJTNFJTBBUmljaGllZGklMjBpbmZvcm1hemlvbmklMEElM0MlMkZhJTNF[\/vc_raw_html][\/vc_column][\/vc_row][vc_row][vc_column][vc_column_text]<\/p>\n<p style=\"text-align: center;\">Il giorno del matrimonio \u00e8 uno dei pi\u00f9 importanti della vita. Per questo, ogni elemento deve essere curato attentamente, cos\u00ec da creare una giornata che sia indimenticabile, non solo per i futuri sposi, ma anche per tutti i parenti e gli amici. Negli ultimi anni sono sempre di pi\u00f9 le coppie di sposi che si lasciano affascinare dall&#8217;idea di nozze natural-chic in agriturismo. Un&#8217;esperienza per vivere il giorno pi\u00f9 bello della propria vita in maniera intima, immersi nella natura e lontani dal caos cittadino, all&#8217;insegna della bellezza di panorami mozzafiato, di ambienti unici e di prodotti genuini e a km zero.<\/p>\n<p>[\/vc_column_text][\/vc_column][\/vc_row][vc_row][vc_column width=&#8221;1\/2&#8243;][vc_single_image image=&#8221;272&#8243; img_size=&#8221;600&#215;600&#8243;][\/vc_column][vc_column width=&#8221;1\/2&#8243;][vc_column_text]<\/p>\n<h3><strong>Una location intima<\/strong><\/h3>\n<p>Privacy e gestione del tempo, come abbiamo detto, sono aspetti determinanti per un matrimonio raccolto e tranquillo. Oliveto sul Lago \u00e8 la scelta ideale, perch\u00e9 \u00e8 una location esclusiva, in cui si hanno a disposizione camere per ospitare familiari e amici, regalando loro la possibilit\u00e0 di godere i festeggiamenti senza la preoccupazione di dover poi tornare a casa.[\/vc_column_text][\/vc_column][\/vc_row][vc_row][vc_column width=&#8221;1\/2&#8243;][vc_column_text]<\/p>\n<h3><strong>Men\u00f9 tradizionale e genuino<\/strong><\/h3>\n<p>La scelta del menu \u00e8 importantissima e Oliveto sul Lago garantisce una cucina genuina e autentica, in cui emergono tutti i sapori della tradizione e i profumi dei territori, mettendo in risalto le nostre materie prime d&#8217;eccellenza e a km zero.[\/vc_column_text][\/vc_column][vc_column width=&#8221;1\/2&#8243;][vc_single_image image=&#8221;279&#8243; img_size=&#8221;1200&#215;628&#8243;][\/vc_column][\/vc_row][vc_row][vc_column width=&#8221;1\/2&#8243;][vc_single_image image=&#8221;281&#8243; img_size=&#8221;800&#215;600&#8243;][\/vc_column][vc_column width=&#8221;1\/2&#8243;][vc_column_text]<\/p>\n<h3><strong>Allestimenti equilibrati per chi ama la natura<\/strong><\/h3>\n<p>Immaginate il silenzio della campagna, il dolce profilo delle colline, contornate da file di cipressi o vigneti, o il prato di erba inglese che accarezza il perimetro di una piscina: scegliere di festeggiare un matrimonio in agriturismo vuol dire abbracciare la natura. E sempre dalla natura prendono ispirazione gli allestimenti, prediligendo uno stile semplice, senza rinunciare all&#8217;eleganza, in cui ogni elemento \u2013 dai fiori ai centrotavola, passando per le sedute \u2013 crea un&#8217;atmosfera raffinata e romantica.[\/vc_column_text][\/vc_column][\/vc_row][vc_row][vc_column width=&#8221;1\/2&#8243;][vc_column_text]<\/p>\n<h3><strong>Le bomboniere<\/strong><\/h3>\n<p>Un giorno speciale merita di essere ricordato con una bomboniera altrettanto speciale. Potrai scegliere tra l\u2019ampia gamma di prodotti a km zero coltivati negli oltre 500 ettari della nostra azienda agricola. Olio extravergine, vini, confetture, succhi di frutta o mieli : ognuno dei nostri prodotti conserva il sapore autentico e genuino dei colli bolognesi.[\/vc_column_text][\/vc_column][vc_column width=&#8221;1\/2&#8243;][vc_single_image image=&#8221;267&#8243; img_size=&#8221;1200&#215;628&#8243;][\/vc_column][\/vc_row]<\/p>\n","protected":false},"excerpt":{"rendered":"<p>[vc_row][vc_column][vc_raw_html el_class=&#8221;richiedinfo&#8221;]JTNDYSUyMGhyZWYlM0QlMjJtYWlsdG8lM0FpbmZvJTQwb2xpdmV0b3N1bGxhZ28uY29tJTIyJTNFJTBBUmljaGllZGklMjBpbmZvcm1hemlvbmklMEElM0MlMkZhJTNF[\/vc_raw_html][\/vc_column][\/vc_row][vc_row][vc_column][vc_column_text] Il giorno del matrimonio \u00e8 uno dei pi\u00f9 importanti della vita. Per questo, ogni elemento deve essere curato attentamente, cos\u00ec da creare una giornata che sia indimenticabile, non solo per i futuri sposi, ma anche per tutti i parenti e gli amici. Negli ultimi anni sono sempre di pi\u00f9 le coppie di sposi [&hellip;]<\/p>\n","protected":false},"author":1,"featured_media":0,"parent":0,"menu_order":0,"comment_status":"closed","ping_status":"closed","template":"","meta":{"footnotes":""},"yoast_head":"<!-- This site is optimized with the Yoast SEO plugin v19.14 - https:\/\/yoast.com\/wordpress\/plugins\/seo\/ -->\n<title>Matrimoni -<\/title>\n<meta name=\"robots\" content=\"index, follow, max-snippet:-1, max-image-preview:large, max-video-preview:-1\" \/>\n<link rel=\"canonical\" href=\"http:\/\/sleepy-dhawan.77-81-228-88.plesk.page\/index.php\/matrimoni\/\" \/>\n<meta property=\"og:locale\" content=\"it_IT\" \/>\n<meta property=\"og:type\" content=\"article\" \/>\n<meta property=\"og:title\" content=\"Matrimoni -\" \/>\n<meta property=\"og:description\" content=\"[vc_row][vc_column][vc_raw_html el_class=&#8221;richiedinfo&#8221;]JTNDYSUyMGhyZWYlM0QlMjJtYWlsdG8lM0FpbmZvJTQwb2xpdmV0b3N1bGxhZ28uY29tJTIyJTNFJTBBUmljaGllZGklMjBpbmZvcm1hemlvbmklMEElM0MlMkZhJTNF[\/vc_raw_html][\/vc_column][\/vc_row][vc_row][vc_column][vc_column_text] Il giorno del matrimonio \u00e8 uno dei pi\u00f9 importanti della vita. Per questo, ogni elemento deve essere curato attentamente, cos\u00ec da creare una giornata che sia indimenticabile, non solo per i futuri sposi, ma anche per tutti i parenti e gli amici. Negli ultimi anni sono sempre di pi\u00f9 le coppie di sposi [&hellip;]\" \/>\n<meta property=\"og:url\" content=\"http:\/\/sleepy-dhawan.77-81-228-88.plesk.page\/index.php\/matrimoni\/\" \/>\n<meta property=\"article:modified_time\" content=\"2023-02-20T12:11:05+00:00\" \/>\n<meta name=\"twitter:card\" content=\"summary_large_image\" \/>\n<meta name=\"twitter:label1\" content=\"Tempo di lettura stimato\" \/>\n\t<meta name=\"twitter:data1\" content=\"2 minuti\" \/>\n<script type=\"application\/ld+json\" class=\"yoast-schema-graph\">{\"@context\":\"https:\/\/schema.org\",\"@graph\":[{\"@type\":\"WebPage\",\"@id\":\"http:\/\/sleepy-dhawan.77-81-228-88.plesk.page\/index.php\/matrimoni\/\",\"url\":\"http:\/\/sleepy-dhawan.77-81-228-88.plesk.page\/index.php\/matrimoni\/\",\"name\":\"Matrimoni -\",\"isPartOf\":{\"@id\":\"http:\/\/sleepy-dhawan.77-81-228-88.plesk.page\/#website\"},\"datePublished\":\"2023-02-20T11:50:30+00:00\",\"dateModified\":\"2023-02-20T12:11:05+00:00\",\"inLanguage\":\"it-IT\",\"potentialAction\":[{\"@type\":\"ReadAction\",\"target\":[\"http:\/\/sleepy-dhawan.77-81-228-88.plesk.page\/index.php\/matrimoni\/\"]}]},{\"@type\":\"WebSite\",\"@id\":\"http:\/\/sleepy-dhawan.77-81-228-88.plesk.page\/#website\",\"url\":\"http:\/\/sleepy-dhawan.77-81-228-88.plesk.page\/\",\"name\":\"\",\"description\":\"\",\"potentialAction\":[{\"@type\":\"SearchAction\",\"target\":{\"@type\":\"EntryPoint\",\"urlTemplate\":\"http:\/\/sleepy-dhawan.77-81-228-88.plesk.page\/?s={search_term_string}\"},\"query-input\":\"required name=search_term_string\"}],\"inLanguage\":\"it-IT\"}]}<\/script>\n<!-- \/ Yoast SEO plugin. -->","yoast_head_json":{"title":"Matrimoni -","robots":{"index":"index","follow":"follow","max-snippet":"max-snippet:-1","max-image-preview":"max-image-preview:large","max-video-preview":"max-video-preview:-1"},"canonical":"http:\/\/sleepy-dhawan.77-81-228-88.plesk.page\/index.php\/matrimoni\/","og_locale":"it_IT","og_type":"article","og_title":"Matrimoni -","og_description":"[vc_row][vc_column][vc_raw_html el_class=&#8221;richiedinfo&#8221;]JTNDYSUyMGhyZWYlM0QlMjJtYWlsdG8lM0FpbmZvJTQwb2xpdmV0b3N1bGxhZ28uY29tJTIyJTNFJTBBUmljaGllZGklMjBpbmZvcm1hemlvbmklMEElM0MlMkZhJTNF[\/vc_raw_html][\/vc_column][\/vc_row][vc_row][vc_column][vc_column_text] Il giorno del matrimonio \u00e8 uno dei pi\u00f9 importanti della vita. Per questo, ogni elemento deve essere curato attentamente, cos\u00ec da creare una giornata che sia indimenticabile, non solo per i futuri sposi, ma anche per tutti i parenti e gli amici. Negli ultimi anni sono sempre di pi\u00f9 le coppie di sposi [&hellip;]","og_url":"http:\/\/sleepy-dhawan.77-81-228-88.plesk.page\/index.php\/matrimoni\/","article_modified_time":"2023-02-20T12:11:05+00:00","twitter_card":"summary_large_image","twitter_misc":{"Tempo di lettura stimato":"2 minuti"},"schema":{"@context":"https:\/\/schema.org","@graph":[{"@type":"WebPage","@id":"http:\/\/sleepy-dhawan.77-81-228-88.plesk.page\/index.php\/matrimoni\/","url":"http:\/\/sleepy-dhawan.77-81-228-88.plesk.page\/index.php\/matrimoni\/","name":"Matrimoni -","isPartOf":{"@id":"http:\/\/sleepy-dhawan.77-81-228-88.plesk.page\/#website"},"datePublished":"2023-02-20T11:50:30+00:00","dateModified":"2023-02-20T12:11:05+00:00","inLanguage":"it-IT","potentialAction":[{"@type":"ReadAction","target":["http:\/\/sleepy-dhawan.77-81-228-88.plesk.page\/index.php\/matrimoni\/"]}]},{"@type":"WebSite","@id":"http:\/\/sleepy-dhawan.77-81-228-88.plesk.page\/#website","url":"http:\/\/sleepy-dhawan.77-81-228-88.plesk.page\/","name":"","description":"","potentialAction":[{"@type":"SearchAction","target":{"@type":"EntryPoint","urlTemplate":"http:\/\/sleepy-dhawan.77-81-228-88.plesk.page\/?s={search_term_string}"},"query-input":"required name=search_term_string"}],"inLanguage":"it-IT"}]}},"_links":{"self":[{"href":"http:\/\/sleepy-dhawan.77-81-228-88.plesk.page\/index.php\/wp-json\/wp\/v2\/pages\/271"}],"collection":[{"href":"http:\/\/sleepy-dhawan.77-81-228-88.plesk.page\/index.php\/wp-json\/wp\/v2\/pages"}],"about":[{"href":"http:\/\/sleepy-dhawan.77-81-228-88.plesk.page\/index.php\/wp-json\/wp\/v2\/types\/page"}],"author":[{"embeddable":true,"href":"http:\/\/sleepy-dhawan.77-81-228-88.plesk.page\/index.php\/wp-json\/wp\/v2\/users\/1"}],"replies":[{"embeddable":true,"href":"http:\/\/sleepy-dhawan.77-81-228-88.plesk.page\/index.php\/wp-json\/wp\/v2\/comments?post=271"}],"version-history":[{"count":10,"href":"http:\/\/sleepy-dhawan.77-81-228-88.plesk.page\/index.php\/wp-json\/wp\/v2\/pages\/271\/revisions"}],"predecessor-version":[{"id":286,"href":"http:\/\/sleepy-dhawan.77-81-228-88.plesk.page\/index.php\/wp-json\/wp\/v2\/pages\/271\/revisions\/286"}],"wp:attachment":[{"href":"http:\/\/sleepy-dhawan.77-81-228-88.plesk.page\/index.php\/wp-json\/wp\/v2\/media?parent=271"}],"curies":[{"name":"wp","href":"https:\/\/api.w.org\/{rel}","templated":true}]}}